{"id":706,"date":"2024-10-12T16:54:58","date_gmt":"2024-10-12T16:54:58","guid":{"rendered":"https:\/\/barnkitchen.is\/heim\/"},"modified":"2025-01-22T11:59:17","modified_gmt":"2025-01-22T11:59:17","slug":"heim","status":"publish","type":"page","link":"https:\/\/barnkitchen.is\/is\/","title":{"rendered":"Heim"},"content":{"rendered":"\t\t<div data-elementor-type=\"wp-page\" data-elementor-id=\"706\" class=\"elementor elementor-706 elementor-43\" data-elementor-post-type=\"page\">\n\t\t\t\t<div class=\"elementor-element elementor-element-17d4bb1c e-flex e-con-boxed e-con e-parent\" data-id=\"17d4bb1c\" data-element_type=\"container\" data-e-type=\"container\">\n\t\t\t\t\t<div class=\"e-con-inner\">\n\t\t<div class=\"elementor-element elementor-element-3c4cb0b4 e-flex e-con-boxed e-con e-child\" data-id=\"3c4cb0b4\" data-element_type=\"container\" data-e-type=\"container\">\n\t\t\t\t\t<div class=\"e-con-inner\">\n\t\t<div class=\"elementor-element elementor-element-cc62742 e-con-full e-flex e-con e-child\" data-id=\"cc62742\" data-element_type=\"container\" data-e-type=\"container\">\n\t\t<div class=\"elementor-element elementor-element-252f5add e-con-full e-flex e-con e-child\" data-id=\"252f5add\" data-element_type=\"container\" data-e-type=\"container\" data-settings=\"{&quot;background_background&quot;:&quot;video&quot;,&quot;background_video_link&quot;:&quot;https:\\\/\\\/www.youtube.com\\\/watch?v=lcU3pruVyUw&quot;,&quot;background_video_end&quot;:45}\">\n\t\t<div class=\"elementor-background-video-container elementor-hidden-mobile\">\n\t\t\t\t\t\t\t<div class=\"elementor-background-video-embed\" role=\"presentation\"><\/div>\n\t\t\t\t\t\t<\/div><div class=\"elementor-element elementor-element-70f52d56 e-con-full elementor-hidden-desktop elementor-hidden-tablet elementor-hidden-mobile e-flex e-con e-child\" data-id=\"70f52d56\" data-element_type=\"container\" data-e-type=\"container\">\n\t\t\t\t<div class=\"elementor-element elementor-element-5b82a4ed elementor-widget elementor-widget-image\" data-id=\"5b82a4ed\" data-element_type=\"widget\" data-e-type=\"widget\" data-widget_type=\"image.default\">\n\t\t\t\t\t\t\t\t\t\t\t\t\t\t\t<img fetchpriority=\"high\" decoding=\"async\" width=\"521\" height=\"348\" src=\"https:\/\/barnkitchen.is\/wp-content\/uploads\/2024\/10\/Top1-3x-S99RUBN.png\" class=\"attachment-full size-full wp-image-485\" alt=\"\" srcset=\"https:\/\/barnkitchen.is\/wp-content\/uploads\/2024\/10\/Top1-3x-S99RUBN.png 521w, https:\/\/barnkitchen.is\/wp-content\/uploads\/2024\/10\/Top1-3x-S99RUBN-300x200.png 300w\" sizes=\"(max-width: 521px) 100vw, 521px\" \/>\t\t\t\t\t\t\t\t\t\t\t\t\t\t\t<\/div>\n\t\t\t\t<div class=\"elementor-element elementor-element-27e0463e elementor-widget__width-initial elementor-widget elementor-widget-heading\" data-id=\"27e0463e\" data-element_type=\"widget\" data-e-type=\"widget\" data-widget_type=\"heading.default\">\n\t\t\t\t\t<h4 class=\"elementor-heading-title elementor-size-default\">Horf\u00f0u \u00e1 myndband um matrei\u00f0slun\u00e1mskei\u00f0<\/h4>\t\t\t\t<\/div>\n\t\t\t\t<\/div>\n\t\t\t\t<\/div>\n\t\t<div class=\"elementor-element elementor-element-6420d9eb e-con-full e-flex e-con e-child\" data-id=\"6420d9eb\" data-element_type=\"container\" data-e-type=\"container\">\n\t\t\t\t<div class=\"elementor-element elementor-element-7e90b6ff elementor-widget__width-initial elementor-widget elementor-widget-heading\" data-id=\"7e90b6ff\" data-element_type=\"widget\" data-e-type=\"widget\" data-widget_type=\"heading.default\">\n\t\t\t\t\t<h1 class=\"elementor-heading-title elementor-size-default\">Um Okkur \u00ed Hl\u00f6\u00f0ueldh\u00fasinu<\/h1>\t\t\t\t<\/div>\n\t\t\t\t<div class=\"elementor-element elementor-element-6336044d elementor-widget__width-inherit elementor-widget-divider--view-line elementor-widget elementor-widget-divider\" data-id=\"6336044d\" data-element_type=\"widget\" data-e-type=\"widget\" data-widget_type=\"divider.default\">\n\t\t\t\t\t\t\t<div class=\"elementor-divider\">\n\t\t\t<span class=\"elementor-divider-separator\">\n\t\t\t\t\t\t<\/span>\n\t\t<\/div>\n\t\t\t\t\t\t<\/div>\n\t\t\t\t<div class=\"elementor-element elementor-element-1618c5b5 elementor-widget__width-initial elementor-widget elementor-widget-text-editor\" data-id=\"1618c5b5\" data-element_type=\"widget\" data-e-type=\"widget\" data-widget_type=\"text-editor.default\">\n\t\t\t\t\t\t\t\t\t<p>Hl\u00f6\u00f0ueldh\u00fasi\u00f0 er meira en bara veitingasta\u00f0ur; \u00fea\u00f0 er sta\u00f0ur \u00fear sem matrei\u00f0slu\u00e1str\u00ed\u00f0a m\u00e6tir sj\u00e1lfb\u00e6rni. Uppgert af hj\u00f3num me\u00f0 sterka s\u00fdn um sj\u00e1lfb\u00e6rni og umhverfisvernd, var veitingasta\u00f0urinn svo tekinn yfir af Villa og \u00fe\u00e1verandi eiginkonu hans snemma \u00e1rs 2023. \u00deau bygg\u00f0u \u00e1 traustum grunni og innleiddu afslappa\u00f0 andr\u00famsloft \u00fear sem t\u00f3nlist og skemmtun eru st\u00f3r hluti af upplifuninni.  <\/p>\n\t\t\t\t\t\t\t\t<\/div>\n\t\t\t\t<div class=\"elementor-element elementor-element-18f84b01 elementor-widget elementor-widget-button\" data-id=\"18f84b01\" data-element_type=\"widget\" data-e-type=\"widget\" data-widget_type=\"button.default\">\n\t\t\t\t\t\t\t\t\t\t<a class=\"elementor-button elementor-button-link elementor-size-sm\" href=\"#elementor-action%3Aaction%3Dpopup%3Aopen%26settings%3DeyJpZCI6NzUzLCJ0b2dnbGUiOmZhbHNlfQ%3D%3D\">\n\t\t\t\t\t\t<span class=\"elementor-button-content-wrapper\">\n\t\t\t\t\t\t\t\t\t<span class=\"elementor-button-text\">B\u00f3ka\u00f0u n\u00fana<\/span>\n\t\t\t\t\t<\/span>\n\t\t\t\t\t<\/a>\n\t\t\t\t\t\t\t\t<\/div>\n\t\t\t\t<\/div>\n\t\t\t\t<\/div>\n\t\t\t\t\t<\/div>\n\t\t\t\t<\/div>\n\t\t\t\t\t<\/div>\n\t\t\t\t<\/div>\n\t\t<div class=\"elementor-element elementor-element-bcb6216 e-flex e-con-boxed e-con e-parent\" data-id=\"bcb6216\" data-element_type=\"container\" data-e-type=\"container\">\n\t\t\t\t\t<div class=\"e-con-inner\">\n\t\t<div class=\"elementor-element elementor-element-2fc0be47 e-con-full e-flex e-con e-child\" data-id=\"2fc0be47\" data-element_type=\"container\" data-e-type=\"container\">\n\t\t<div class=\"elementor-element elementor-element-737ec477 e-con-full e-flex e-con e-child\" data-id=\"737ec477\" data-element_type=\"container\" data-e-type=\"container\">\n\t\t<div class=\"elementor-element elementor-element-5d41599a e-con-full e-flex e-con e-child\" data-id=\"5d41599a\" data-element_type=\"container\" data-e-type=\"container\" data-settings=\"{&quot;background_background&quot;:&quot;classic&quot;}\">\n\t\t\t\t<div class=\"elementor-element elementor-element-3c341af5 elementor-view-stacked elementor-shape-square elementor-hidden-desktop elementor-hidden-tablet elementor-hidden-mobile elementor-widget elementor-widget-icon\" data-id=\"3c341af5\" data-element_type=\"widget\" data-e-type=\"widget\" data-widget_type=\"icon.default\">\n\t\t\t\t\t\t\t<div class=\"elementor-icon-wrapper\">\n\t\t\t<a class=\"elementor-icon\" href=\"#elementor-action%3Aaction%3Dlightbox%26settings%3DeyJ0eXBlIjoidmlkZW8iLCJ2aWRlb1R5cGUiOiJ5b3V0dWJlIiwidXJsIjoiaHR0cHM6XC9cL3d3dy55b3V0dWJlLmNvbVwvZW1iZWRcL1hIT21CVjRqc19FP2ZlYXR1cmU9b2VtYmVkIn0%3D\">\n\t\t\t<svg aria-hidden=\"true\" class=\"e-font-icon-svg e-fas-play-circle\" viewBox=\"0 0 512 512\" xmlns=\"http:\/\/www.w3.org\/2000\/svg\"><path d=\"M256 8C119 8 8 119 8 256s111 248 248 248 248-111 248-248S393 8 256 8zm115.7 272l-176 101c-15.8 8.8-35.7-2.5-35.7-21V152c0-18.4 19.8-29.8 35.7-21l176 107c16.4 9.2 16.4 32.9 0 42z\"><\/path><\/svg>\t\t\t<\/a>\n\t\t<\/div>\n\t\t\t\t\t\t<\/div>\n\t\t\t\t<\/div>\n\t\t<div class=\"elementor-element elementor-element-7ac12130 e-con-full e-flex e-con e-child\" data-id=\"7ac12130\" data-element_type=\"container\" data-e-type=\"container\">\n\t\t<div class=\"elementor-element elementor-element-5cb5ed4c e-con-full e-flex e-con e-child\" data-id=\"5cb5ed4c\" data-element_type=\"container\" data-e-type=\"container\">\n\t\t\t\t<div class=\"elementor-element elementor-element-3e181680 elementor-widget elementor-widget-heading\" data-id=\"3e181680\" data-element_type=\"widget\" data-e-type=\"widget\" data-widget_type=\"heading.default\">\n\t\t\t\t\t<h2 class=\"elementor-heading-title elementor-size-default\">Markmi\u00f0 Okkar<\/h2>\t\t\t\t<\/div>\n\t\t\t\t<div class=\"elementor-element elementor-element-34deae84 elementor-widget elementor-widget-text-editor\" data-id=\"34deae84\" data-element_type=\"widget\" data-e-type=\"widget\" data-widget_type=\"text-editor.default\">\n\t\t\t\t\t\t\t\t\t<p>\u00cd Hl\u00f6\u00f0ueldh\u00fasinu tr\u00faum vi\u00f0 \u00e1 a\u00f0 skapa eftirminnilegar upplifanir \u00ed gegnum mat. Markmi\u00f0 okkar er a\u00f0 veita hl\u00fdlegt r\u00fdmi \u00fear sem f\u00f3lk getur komi\u00f0 saman til a\u00f0 l\u00e6ra, elda og nj\u00f3ta lj\u00faffengra m\u00e1lt\u00ed\u00f0a me\u00f0 umhverfisvitund a\u00f0 lei\u00f0arlj\u00f3si. <\/p>\n\t\t\t\t\t\t\t\t<\/div>\n\t\t\t\t<\/div>\n\t\t\t\t<div class=\"elementor-element elementor-element-5d3753cf elementor-widget-divider--view-line elementor-widget elementor-widget-divider\" data-id=\"5d3753cf\" data-element_type=\"widget\" data-e-type=\"widget\" data-widget_type=\"divider.default\">\n\t\t\t\t\t\t\t<div class=\"elementor-divider\">\n\t\t\t<span class=\"elementor-divider-separator\">\n\t\t\t\t\t\t<\/span>\n\t\t<\/div>\n\t\t\t\t\t\t<\/div>\n\t\t<div class=\"elementor-element elementor-element-41379124 e-con-full e-flex e-con e-child\" data-id=\"41379124\" data-element_type=\"container\" data-e-type=\"container\">\n\t\t\t\t<div class=\"elementor-element elementor-element-7cf24272 elementor-widget__width-initial elementor-position-top elementor-widget elementor-widget-image-box\" data-id=\"7cf24272\" data-element_type=\"widget\" data-e-type=\"widget\" data-widget_type=\"image-box.default\">\n\t\t\t\t\t<div class=\"elementor-image-box-wrapper\"><figure class=\"elementor-image-box-img\"><img decoding=\"async\" width=\"88\" height=\"88\" src=\"https:\/\/barnkitchen.is\/wp-content\/uploads\/2024\/10\/test-cooking-18-QS4X6CG.png\" class=\"attachment-full size-full wp-image-21\" alt=\"\" \/><\/figure><div class=\"elementor-image-box-content\"><div class=\"elementor-image-box-title\">Matrei\u00f0slun\u00e1mskei\u00f0<\/div><p class=\"elementor-image-box-description\">Vi\u00f0 bj\u00f3\u00f0um upp \u00e1 verkleg matrei\u00f0slun\u00e1mskei\u00f0 sem eru fullkomin fyrir teymisvinnu, vini og fj\u00f6lskyldusamkomur. N\u00e1mskei\u00f0in okkar leggja \u00e1herslu \u00e1 sj\u00e1lfb\u00e6rar venjur og notkun ferskra hr\u00e1efna \u00far gr\u00f3\u00f0urh\u00fasi okkar \u00e1 sta\u00f0num. <\/p><\/div><\/div>\t\t\t\t<\/div>\n\t\t\t\t<div class=\"elementor-element elementor-element-508b77fe elementor-widget__width-initial elementor-position-top elementor-widget elementor-widget-image-box\" data-id=\"508b77fe\" data-element_type=\"widget\" data-e-type=\"widget\" data-widget_type=\"image-box.default\">\n\t\t\t\t\t<div class=\"elementor-image-box-wrapper\"><figure class=\"elementor-image-box-img\"><img decoding=\"async\" width=\"88\" height=\"88\" src=\"https:\/\/barnkitchen.is\/wp-content\/uploads\/2024\/10\/cooking-27-QS4X6CG.png\" class=\"attachment-full size-full wp-image-27\" alt=\"\" \/><\/figure><div class=\"elementor-image-box-content\"><div class=\"elementor-image-box-title\">Einkavi\u00f0bur\u00f0ir<\/div><p class=\"elementor-image-box-description\">Sta\u00f0urinn okkar er \u00ed bo\u00f0i fyrir einkaleigu, sem b\u00fd\u00f0ur upp \u00e1 heillandi og sveigjanlegt r\u00fdmi fyrir hva\u00f0a tilefni sem er.<\/p><\/div><\/div>\t\t\t\t<\/div>\n\t\t\t\t<div class=\"elementor-element elementor-element-7212c427 elementor-widget__width-initial elementor-position-top elementor-widget elementor-widget-image-box\" data-id=\"7212c427\" data-element_type=\"widget\" data-e-type=\"widget\" data-widget_type=\"image-box.default\">\n\t\t\t\t\t<div class=\"elementor-image-box-wrapper\"><figure class=\"elementor-image-box-img\"><img loading=\"lazy\" decoding=\"async\" width=\"88\" height=\"88\" src=\"https:\/\/barnkitchen.is\/wp-content\/uploads\/2024\/10\/cooking-21-QS4X6CG.png\" class=\"attachment-full size-full wp-image-28\" alt=\"\" \/><\/figure><div class=\"elementor-image-box-content\"><div class=\"elementor-image-box-title\">H\u00f3pm\u00e1lt\u00ed\u00f0ir<\/div><p class=\"elementor-image-box-description\">Nj\u00f3ttu lj\u00faffengrar matarupplifunar me\u00f0 vandlega samsettum matse\u00f0lum okkar, fullkomi\u00f0 fyrir h\u00f3pa sem vilja fagna me\u00f0 st\u00edl.<\/p><\/div><\/div>\t\t\t\t<\/div>\n\t\t\t\t<\/div>\n\t\t\t\t<\/div>\n\t\t\t\t<\/div>\n\t\t\t\t<\/div>\n\t\t\t\t\t<\/div>\n\t\t\t\t<\/div>\n\t\t<div class=\"elementor-element elementor-element-103a672a e-flex e-con-boxed e-con e-parent\" data-id=\"103a672a\" data-element_type=\"container\" data-e-type=\"container\">\n\t\t\t\t\t<div class=\"e-con-inner\">\n\t\t<div class=\"elementor-element elementor-element-2b0182dd e-con-full e-flex e-con e-child\" data-id=\"2b0182dd\" data-element_type=\"container\" data-e-type=\"container\">\n\t\t<div class=\"elementor-element elementor-element-5699c71 e-con-full e-flex e-con e-child\" data-id=\"5699c71\" data-element_type=\"container\" data-e-type=\"container\">\n\t\t<div class=\"elementor-element elementor-element-685c7f47 e-con-full e-flex e-con e-child\" data-id=\"685c7f47\" data-element_type=\"container\" data-e-type=\"container\">\n\t\t\t\t<div class=\"elementor-element elementor-element-3d62880e elementor-widget elementor-widget-heading\" data-id=\"3d62880e\" data-element_type=\"widget\" data-e-type=\"widget\" data-widget_type=\"heading.default\">\n\t\t\t\t\t<h2 class=\"elementor-heading-title elementor-size-default\">Skuldbinding okkar til sj\u00e1lfb\u00e6rni<\/h2>\t\t\t\t<\/div>\n\t\t\t\t<div class=\"elementor-element elementor-element-f0c2ae4 elementor-widget__width-initial elementor-widget elementor-widget-text-editor\" data-id=\"f0c2ae4\" data-element_type=\"widget\" data-e-type=\"widget\" data-widget_type=\"text-editor.default\">\n\t\t\t\t\t\t\t\t\t<p>Sj\u00e1lfb\u00e6rni er \u00ed hjarta alls sem vi\u00f0 gerum. Sta\u00f0urinn okkar er kn\u00fainn af st\u00f3rri varmad\u00e6lu, sem tryggir orkusparna\u00f0. Vi\u00f0 endurn\u00fdjun fengu g\u00f6mul efni n\u00fdtt l\u00edf, sem endurspeglar skuldbindingu okkar til a\u00f0 draga \u00far s\u00f3un. Fr\u00e1 notkun sta\u00f0bundinna hr\u00e1efna til endurvinnslu l\u00edfr\u00e6ns \u00fargangs \u00ed gr\u00f3\u00f0urh\u00fasinu okkar, leggjum vi\u00f0 okkur fram um a\u00f0 l\u00e1gmarka umhverfis\u00e1hrif okkar \u00e1 me\u00f0an vi\u00f0 bj\u00f3\u00f0um upp \u00e1 fram\u00farskarandi matrei\u00f0sluupplifanir.   <\/p>\n\t\t\t\t\t\t\t\t<\/div>\n\t\t\t\t<div class=\"elementor-element elementor-element-8c76195 elementor-widget__width-inherit elementor-widget-divider--view-line elementor-widget elementor-widget-divider\" data-id=\"8c76195\" data-element_type=\"widget\" data-e-type=\"widget\" data-widget_type=\"divider.default\">\n\t\t\t\t\t\t\t<div class=\"elementor-divider\">\n\t\t\t<span class=\"elementor-divider-separator\">\n\t\t\t\t\t\t<\/span>\n\t\t<\/div>\n\t\t\t\t\t\t<\/div>\n\t\t\t\t<div class=\"elementor-element elementor-element-d4962c8 elementor-widget elementor-widget-heading\" data-id=\"d4962c8\" data-element_type=\"widget\" data-e-type=\"widget\" data-widget_type=\"heading.default\">\n\t\t\t\t\t<h2 class=\"elementor-heading-title elementor-size-default\">Komdu til okkar<\/h2>\t\t\t\t<\/div>\n\t\t\t\t<div class=\"elementor-element elementor-element-83ed988 elementor-widget__width-initial elementor-widget elementor-widget-text-editor\" data-id=\"83ed988\" data-element_type=\"widget\" data-e-type=\"widget\" data-widget_type=\"text-editor.default\">\n\t\t\t\t\t\t\t\t\t<p>Hvort sem \u00fe\u00fa ert h\u00e9r fyrir matrei\u00f0slun\u00e1mskei\u00f0, einkavi\u00f0bur\u00f0 e\u00f0a h\u00f3pm\u00e1lt\u00ed\u00f0, bj\u00f3\u00f0um vi\u00f0 \u00feig velkomin\/n til a\u00f0 vera hluti af s\u00f6gu okkar. Upplif\u00f0u hl\u00fdju og gestrisni Hl\u00f6\u00f0ueldh\u00fassins, \u00fear sem hver m\u00e1lt\u00ed\u00f0 er h\u00e1t\u00ed\u00f0 fyllt me\u00f0 t\u00f3nlist og gle\u00f0i. <\/p>\n\t\t\t\t\t\t\t\t<\/div>\n\t\t\t\t<\/div>\n\t\t\t\t<\/div>\n\t\t\t\t<\/div>\n\t\t\t\t\t<\/div>\n\t\t\t\t<\/div>\n\t\t\t\t<\/div>\n\t\t","protected":false},"excerpt":{"rendered":"<p>Horf\u00f0u \u00e1 myndband um matrei\u00f0slun\u00e1mskei\u00f0 Um Okkur \u00ed Hl\u00f6\u00f0ueldh\u00fasinu Hl\u00f6\u00f0ueldh\u00fasi\u00f0 er meira en bara veitingasta\u00f0ur; \u00fea\u00f0 er sta\u00f0ur \u00fear sem matrei\u00f0slu\u00e1str\u00ed\u00f0a m\u00e6tir sj\u00e1lfb\u00e6rni. Uppgert af hj\u00f3num me\u00f0 sterka s\u00fdn um sj\u00e1lfb\u00e6rni og umhverfisvernd, var veitingasta\u00f0urinn svo tekinn yfir af Villa og \u00fe\u00e1verandi eiginkonu hans snemma \u00e1rs 2023. \u00deau bygg\u00f0u \u00e1 traustum grunni og innleiddu afslappa\u00f0 [&hellip;]<\/p>\n","protected":false},"author":1,"featured_media":0,"parent":0,"menu_order":0,"comment_status":"closed","ping_status":"closed","template":"","meta":{"footnotes":""},"class_list":["post-706","page","type-page","status-publish","hentry"],"_links":{"self":[{"href":"https:\/\/barnkitchen.is\/is\/wp-json\/wp\/v2\/pages\/706","targetHints":{"allow":["GET"]}}],"collection":[{"href":"https:\/\/barnkitchen.is\/is\/wp-json\/wp\/v2\/pages"}],"about":[{"href":"https:\/\/barnkitchen.is\/is\/wp-json\/wp\/v2\/types\/page"}],"author":[{"embeddable":true,"href":"https:\/\/barnkitchen.is\/is\/wp-json\/wp\/v2\/users\/1"}],"replies":[{"embeddable":true,"href":"https:\/\/barnkitchen.is\/is\/wp-json\/wp\/v2\/comments?post=706"}],"version-history":[{"count":1,"href":"https:\/\/barnkitchen.is\/is\/wp-json\/wp\/v2\/pages\/706\/revisions"}],"predecessor-version":[{"id":707,"href":"https:\/\/barnkitchen.is\/is\/wp-json\/wp\/v2\/pages\/706\/revisions\/707"}],"wp:attachment":[{"href":"https:\/\/barnkitchen.is\/is\/wp-json\/wp\/v2\/media?parent=706"}],"curies":[{"name":"wp","href":"https:\/\/api.w.org\/{rel}","templated":true}]}}