{"id":708,"date":"2025-01-22T10:10:40","date_gmt":"2025-01-22T10:10:40","guid":{"rendered":"https:\/\/barnkitchen.is\/matreidslunamskeid\/"},"modified":"2025-01-24T03:04:07","modified_gmt":"2025-01-24T03:04:07","slug":"matreidslunamskeid","status":"publish","type":"page","link":"https:\/\/barnkitchen.is\/is\/matreidslunamskeid\/","title":{"rendered":"Matrei\u00f0slun\u00e1mskei\u00f0"},"content":{"rendered":"\t\t<div data-elementor-type=\"wp-page\" data-elementor-id=\"708\" class=\"elementor elementor-708 elementor-379\" data-elementor-post-type=\"page\">\n\t\t\t\t<div class=\"elementor-element elementor-element-883115b e-flex e-con-boxed e-con e-parent\" data-id=\"883115b\" data-element_type=\"container\" data-e-type=\"container\">\n\t\t\t\t\t<div class=\"e-con-inner\">\n\t\t<div class=\"elementor-element elementor-element-edd8416 e-flex e-con-boxed e-con e-child\" data-id=\"edd8416\" data-element_type=\"container\" data-e-type=\"container\">\n\t\t\t\t\t<div class=\"e-con-inner\">\n\t\t<div class=\"elementor-element elementor-element-c348b34 e-con-full e-flex e-con e-child\" data-id=\"c348b34\" data-element_type=\"container\" data-e-type=\"container\">\n\t\t<div class=\"elementor-element elementor-element-f69c41b e-con-full e-flex e-con e-child\" data-id=\"f69c41b\" data-element_type=\"container\" data-e-type=\"container\" data-settings=\"{&quot;background_background&quot;:&quot;classic&quot;}\">\n\t\t<div class=\"elementor-element elementor-element-b12edb0 e-con-full e-flex e-con e-child\" data-id=\"b12edb0\" data-element_type=\"container\" data-e-type=\"container\" data-settings=\"{&quot;background_background&quot;:&quot;classic&quot;}\">\n\t\t\t\t<div class=\"elementor-element elementor-element-4a67b41 elementor-widget elementor-widget-heading\" data-id=\"4a67b41\" data-element_type=\"widget\" data-e-type=\"widget\" data-widget_type=\"heading.default\">\n\t\t\t\t\t<h1 class=\"elementor-heading-title elementor-size-default\">Matrei\u00f0slun\u00e1mskei\u00f0 \u00ed Hl\u00f6\u00f0ueldh\u00fasinu<\/h1>\t\t\t\t<\/div>\n\t\t\t\t<div class=\"elementor-element elementor-element-e353911 elementor-view-stacked elementor-position-inline-start elementor-mobile-position-inline-start elementor-shape-square elementor-widget elementor-widget-icon-box\" data-id=\"e353911\" data-element_type=\"widget\" data-e-type=\"widget\" data-widget_type=\"icon-box.default\">\n\t\t\t\t\t\t\t<div class=\"elementor-icon-box-wrapper\">\n\n\t\t\t\t\t\t<div class=\"elementor-icon-box-icon\">\n\t\t\t\t<a href=\"#elementor-action%3Aaction%3Dpopup%3Aopen%26settings%3DeyJpZCI6NzUzLCJ0b2dnbGUiOmZhbHNlfQ%3D%3D\" class=\"elementor-icon\" tabindex=\"-1\" aria-label=\"B\u00f3ka\u00f0u n\u00fana\">\n\t\t\t\t<svg aria-hidden=\"true\" class=\"e-font-icon-svg e-far-calendar-alt\" viewBox=\"0 0 448 512\" xmlns=\"http:\/\/www.w3.org\/2000\/svg\"><path d=\"M148 288h-40c-6.6 0-12-5.4-12-12v-40c0-6.6 5.4-12 12-12h40c6.6 0 12 5.4 12 12v40c0 6.6-5.4 12-12 12zm108-12v-40c0-6.6-5.4-12-12-12h-40c-6.6 0-12 5.4-12 12v40c0 6.6 5.4 12 12 12h40c6.6 0 12-5.4 12-12zm96 0v-40c0-6.6-5.4-12-12-12h-40c-6.6 0-12 5.4-12 12v40c0 6.6 5.4 12 12 12h40c6.6 0 12-5.4 12-12zm-96 96v-40c0-6.6-5.4-12-12-12h-40c-6.6 0-12 5.4-12 12v40c0 6.6 5.4 12 12 12h40c6.6 0 12-5.4 12-12zm-96 0v-40c0-6.6-5.4-12-12-12h-40c-6.6 0-12 5.4-12 12v40c0 6.6 5.4 12 12 12h40c6.6 0 12-5.4 12-12zm192 0v-40c0-6.6-5.4-12-12-12h-40c-6.6 0-12 5.4-12 12v40c0 6.6 5.4 12 12 12h40c6.6 0 12-5.4 12-12zm96-260v352c0 26.5-21.5 48-48 48H48c-26.5 0-48-21.5-48-48V112c0-26.5 21.5-48 48-48h48V12c0-6.6 5.4-12 12-12h40c6.6 0 12 5.4 12 12v52h128V12c0-6.6 5.4-12 12-12h40c6.6 0 12 5.4 12 12v52h48c26.5 0 48 21.5 48 48zm-48 346V160H48v298c0 3.3 2.7 6 6 6h340c3.3 0 6-2.7 6-6z\"><\/path><\/svg>\t\t\t\t<\/a>\n\t\t\t<\/div>\n\t\t\t\n\t\t\t\t\t\t<div class=\"elementor-icon-box-content\">\n\n\t\t\t\t\t\t\t\t\t<div class=\"elementor-icon-box-title\">\n\t\t\t\t\t\t<a href=\"#elementor-action%3Aaction%3Dpopup%3Aopen%26settings%3DeyJpZCI6NzUzLCJ0b2dnbGUiOmZhbHNlfQ%3D%3D\" >\n\t\t\t\t\t\t\tB\u00f3ka\u00f0u n\u00fana\t\t\t\t\t\t<\/a>\n\t\t\t\t\t<\/div>\n\t\t\t\t\n\t\t\t\t\n\t\t\t<\/div>\n\t\t\t\n\t\t<\/div>\n\t\t\t\t\t\t<\/div>\n\t\t\t\t<\/div>\n\t\t\t\t<\/div>\n\t\t<div class=\"elementor-element elementor-element-d132e08 e-con-full e-flex e-con e-child\" data-id=\"d132e08\" data-element_type=\"container\" data-e-type=\"container\">\n\t\t\t\t<div class=\"elementor-element elementor-element-4230b32 elementor-widget elementor-widget-heading\" data-id=\"4230b32\" data-element_type=\"widget\" data-e-type=\"widget\" data-widget_type=\"heading.default\">\n\t\t\t\t\t<h1 class=\"elementor-heading-title elementor-size-default\">Upplif\u00f0u gle\u00f0ina vi\u00f0 matrei\u00f0slu<\/h1>\t\t\t\t<\/div>\n\t\t\t\t<div class=\"elementor-element elementor-element-f7bee66 elementor-widget elementor-widget-text-editor\" data-id=\"f7bee66\" data-element_type=\"widget\" data-e-type=\"widget\" data-widget_type=\"text-editor.default\">\n\t\t\t\t\t\t\t\t\t<p>Komdu \u00ed Hl\u00f6\u00f0ueldh\u00fasi\u00f0 \u00ed \u00deykkvab\u00e6 og upplif\u00f0u matrei\u00f0slun\u00e1mskei\u00f0 sem sameinar matrei\u00f0slukunn\u00e1ttu, sj\u00e1lfb\u00e6rni og skemmtun. N\u00e1mskei\u00f0in okkar eru fullkomin fyrir vinnusta\u00f0i, vini og h\u00f3pa sem vilja styrkja tengslin \u00ed gegnum matrei\u00f0slu og sameiginlega m\u00e1lt\u00ed\u00f0.<\/p>\n\t\t\t\t\t\t\t\t<\/div>\n\t\t\t\t<div class=\"elementor-element elementor-element-8b707fc elementor-widget elementor-widget-heading\" data-id=\"8b707fc\" data-element_type=\"widget\" data-e-type=\"widget\" data-widget_type=\"heading.default\">\n\t\t\t\t\t<h1 class=\"elementor-heading-title elementor-size-default\">Uppl\u00fdsingar um n\u00e1mskei\u00f0<\/h1>\t\t\t\t<\/div>\n\t\t\t\t<div class=\"elementor-element elementor-element-cc459cb elementor-widget elementor-widget-text-editor\" data-id=\"cc459cb\" data-element_type=\"widget\" data-e-type=\"widget\" data-widget_type=\"text-editor.default\">\n\t\t\t\t\t\t\t\t\t<p><strong>Lengd:<\/strong> Veldu \u00e1 milli 3 klukkustunda n\u00e1mskei\u00f0s fyrir 21.900 ISK e\u00f0a 4 klukkustunda n\u00e1mskei\u00f0s fyrir 24.500 ISK.<\/p>\n<p><strong>H\u00f3past\u00e6r\u00f0:<\/strong> N\u00e1mskei\u00f0in krefjast l\u00e1gmarks 8 \u00fe\u00e1tttakenda og geta teki\u00f0 \u00e1 m\u00f3ti allt a\u00f0 16. Minni h\u00f3par eru velkomnir me\u00f0 \u00fev\u00ed a\u00f0 grei\u00f0a fyrir 8 \u00fe\u00e1tttakendur.<\/p>\n<p><strong>Reynsla:<\/strong> Hvert n\u00e1mskei\u00f0 inniheldur verklega kennslu \u00ed matrei\u00f0slu og sameiginlega m\u00e1lt\u00ed\u00f0 \u00fear sem \u00fe\u00fa getur noti\u00f0 r\u00e9ttanna sem \u00fe\u00fa hefur b\u00fai\u00f0 til.<\/p>\n\t\t\t\t\t\t\t\t<\/div>\n\t\t\t\t<div class=\"elementor-element elementor-element-2d04e3c elementor-widget__width-inherit elementor-widget-divider--view-line elementor-widget elementor-widget-divider\" data-id=\"2d04e3c\" data-element_type=\"widget\" data-e-type=\"widget\" data-widget_type=\"divider.default\">\n\t\t\t\t\t\t\t<div class=\"elementor-divider\">\n\t\t\t<span class=\"elementor-divider-separator\">\n\t\t\t\t\t\t<\/span>\n\t\t<\/div>\n\t\t\t\t\t\t<\/div>\n\t\t\t\t<div class=\"elementor-element elementor-element-eecc62b elementor-widget elementor-widget-heading\" data-id=\"eecc62b\" data-element_type=\"widget\" data-e-type=\"widget\" data-widget_type=\"heading.default\">\n\t\t\t\t\t<h1 class=\"elementor-heading-title elementor-size-default\">Vi\u00f0 hverju \u00e1 a\u00f0 b\u00faast?<\/h1>\t\t\t\t<\/div>\n\t\t\t\t<div class=\"elementor-element elementor-element-d850127 elementor-widget elementor-widget-text-editor\" data-id=\"d850127\" data-element_type=\"widget\" data-e-type=\"widget\" data-widget_type=\"text-editor.default\">\n\t\t\t\t\t\t\t\t\t<p><strong>Verkleg kennsla:<\/strong> Taktu \u00fe\u00e1tt \u00ed hverju skrefi matrei\u00f0sluferlisins, fr\u00e1 undirb\u00faningi til framrei\u00f0slu.<\/p>\n<p><strong>Sj\u00e1lfb\u00e6rar venjur:<\/strong> L\u00e6r\u00f0u um skuldbindingu okkar til sj\u00e1lfb\u00e6rni, \u00fear \u00e1 me\u00f0al notkun ferskra kryddjurta og gr\u00e6nmetis \u00far gr\u00f3\u00f0urh\u00fasi okkar \u00e1 sta\u00f0num.<\/p>\n<p><strong>L\u00e9tt og skemmtilegt:<\/strong> Nj\u00f3ttu l\u00edflegs andr\u00famslofts me\u00f0 s\u00f6ng og t\u00f3nlist. Flygillinn okkar er n\u00e6stum alltaf tekinn \u00ed notkun og b\u00e6tir vi\u00f0 t\u00f3nlistarlegu \u00edvafi \u00ed matrei\u00f0slu\u00e6vint\u00fdri\u00f0 \u00feitt. <\/p>\n<p><strong>Teymisvinna:<\/strong> Styrktu tengslin og efldu teymisvinnu \u00ed afsl\u00f6ppu\u00f0u umhverfi. N\u00e1mskei\u00f0in okkar eru fr\u00e1b\u00e6r teymisvinnu\u00e6fing fyrir vinnusta\u00f0i, sem hvetur til samvinnu og sk\u00f6punar.<\/p>\n\t\t\t\t\t\t\t\t<\/div>\n\t\t\t\t<div class=\"elementor-element elementor-element-9b98140 elementor-widget__width-inherit elementor-widget-divider--view-line elementor-widget elementor-widget-divider\" data-id=\"9b98140\" data-element_type=\"widget\" data-e-type=\"widget\" data-widget_type=\"divider.default\">\n\t\t\t\t\t\t\t<div class=\"elementor-divider\">\n\t\t\t<span class=\"elementor-divider-separator\">\n\t\t\t\t\t\t<\/span>\n\t\t<\/div>\n\t\t\t\t\t\t<\/div>\n\t\t\t\t<div class=\"elementor-element elementor-element-fd8501c elementor-widget elementor-widget-heading\" data-id=\"fd8501c\" data-element_type=\"widget\" data-e-type=\"widget\" data-widget_type=\"heading.default\">\n\t\t\t\t\t<h1 class=\"elementor-heading-title elementor-size-default\">B\u00f3ka\u00f0u n\u00e1mskei\u00f0i\u00f0 \u00feitt<\/h1>\t\t\t\t<\/div>\n\t\t\t\t<div class=\"elementor-element elementor-element-feb0664 elementor-widget elementor-widget-text-editor\" data-id=\"feb0664\" data-element_type=\"widget\" data-e-type=\"widget\" data-widget_type=\"text-editor.default\">\n\t\t\t\t\t\t\t\t\t<p>Ertu tilb\u00fain\/n a\u00f0 hefja matrei\u00f0slu\u00e6vint\u00fdri\u00f0? Haf\u00f0u samband vi\u00f0 okkur til a\u00f0 b\u00f3ka matrei\u00f0slun\u00e1mskei\u00f0i\u00f0 \u00feitt og skapa \u00f3gleymanlegar minningar me\u00f0 h\u00f3pnum \u00fe\u00ednum.<\/p>\n\t\t\t\t\t\t\t\t<\/div>\n\t\t\t\t<div class=\"elementor-element elementor-element-1732306 elementor-view-stacked elementor-position-inline-start elementor-mobile-position-inline-start elementor-shape-square elementor-widget elementor-widget-icon-box\" data-id=\"1732306\" data-element_type=\"widget\" data-e-type=\"widget\" data-widget_type=\"icon-box.default\">\n\t\t\t\t\t\t\t<div class=\"elementor-icon-box-wrapper\">\n\n\t\t\t\t\t\t<div class=\"elementor-icon-box-icon\">\n\t\t\t\t<a href=\"#elementor-action%3Aaction%3Dpopup%3Aopen%26settings%3DeyJpZCI6NzUzLCJ0b2dnbGUiOmZhbHNlfQ%3D%3D\" class=\"elementor-icon\" tabindex=\"-1\" aria-label=\"B\u00f3ka\u00f0u n\u00fana\">\n\t\t\t\t<svg aria-hidden=\"true\" class=\"e-font-icon-svg e-far-calendar-alt\" viewBox=\"0 0 448 512\" xmlns=\"http:\/\/www.w3.org\/2000\/svg\"><path d=\"M148 288h-40c-6.6 0-12-5.4-12-12v-40c0-6.6 5.4-12 12-12h40c6.6 0 12 5.4 12 12v40c0 6.6-5.4 12-12 12zm108-12v-40c0-6.6-5.4-12-12-12h-40c-6.6 0-12 5.4-12 12v40c0 6.6 5.4 12 12 12h40c6.6 0 12-5.4 12-12zm96 0v-40c0-6.6-5.4-12-12-12h-40c-6.6 0-12 5.4-12 12v40c0 6.6 5.4 12 12 12h40c6.6 0 12-5.4 12-12zm-96 96v-40c0-6.6-5.4-12-12-12h-40c-6.6 0-12 5.4-12 12v40c0 6.6 5.4 12 12 12h40c6.6 0 12-5.4 12-12zm-96 0v-40c0-6.6-5.4-12-12-12h-40c-6.6 0-12 5.4-12 12v40c0 6.6 5.4 12 12 12h40c6.6 0 12-5.4 12-12zm192 0v-40c0-6.6-5.4-12-12-12h-40c-6.6 0-12 5.4-12 12v40c0 6.6 5.4 12 12 12h40c6.6 0 12-5.4 12-12zm96-260v352c0 26.5-21.5 48-48 48H48c-26.5 0-48-21.5-48-48V112c0-26.5 21.5-48 48-48h48V12c0-6.6 5.4-12 12-12h40c6.6 0 12 5.4 12 12v52h128V12c0-6.6 5.4-12 12-12h40c6.6 0 12 5.4 12 12v52h48c26.5 0 48 21.5 48 48zm-48 346V160H48v298c0 3.3 2.7 6 6 6h340c3.3 0 6-2.7 6-6z\"><\/path><\/svg>\t\t\t\t<\/a>\n\t\t\t<\/div>\n\t\t\t\n\t\t\t\t\t\t<div class=\"elementor-icon-box-content\">\n\n\t\t\t\t\t\t\t\t\t<div class=\"elementor-icon-box-title\">\n\t\t\t\t\t\t<a href=\"#elementor-action%3Aaction%3Dpopup%3Aopen%26settings%3DeyJpZCI6NzUzLCJ0b2dnbGUiOmZhbHNlfQ%3D%3D\" >\n\t\t\t\t\t\t\tB\u00f3ka\u00f0u n\u00fana\t\t\t\t\t\t<\/a>\n\t\t\t\t\t<\/div>\n\t\t\t\t\n\t\t\t\t\n\t\t\t<\/div>\n\t\t\t\n\t\t<\/div>\n\t\t\t\t\t\t<\/div>\n\t\t\t\t<\/div>\n\t\t\t\t<\/div>\n\t\t\t\t\t<\/div>\n\t\t\t\t<\/div>\n\t\t\t\t\t<\/div>\n\t\t\t\t<\/div>\n\t\t\t\t<\/div>\n\t\t","protected":false},"excerpt":{"rendered":"<p>Matrei\u00f0slun\u00e1mskei\u00f0 \u00ed Hl\u00f6\u00f0ueldh\u00fasinu B\u00f3ka\u00f0u n\u00fana Upplif\u00f0u gle\u00f0ina vi\u00f0 matrei\u00f0slu Komdu \u00ed Hl\u00f6\u00f0ueldh\u00fasi\u00f0 \u00ed \u00deykkvab\u00e6 og upplif\u00f0u matrei\u00f0slun\u00e1mskei\u00f0 sem sameinar matrei\u00f0slukunn\u00e1ttu, sj\u00e1lfb\u00e6rni og skemmtun. N\u00e1mskei\u00f0in okkar eru fullkomin fyrir vinnusta\u00f0i, vini og h\u00f3pa sem vilja styrkja tengslin \u00ed gegnum matrei\u00f0slu og sameiginlega m\u00e1lt\u00ed\u00f0. Uppl\u00fdsingar um n\u00e1mskei\u00f0 Lengd: Veldu \u00e1 milli 3 klukkustunda n\u00e1mskei\u00f0s fyrir 21.900 ISK [&hellip;]<\/p>\n","protected":false},"author":1,"featured_media":0,"parent":0,"menu_order":0,"comment_status":"closed","ping_status":"closed","template":"","meta":{"footnotes":""},"class_list":["post-708","page","type-page","status-publish","hentry"],"_links":{"self":[{"href":"https:\/\/barnkitchen.is\/is\/wp-json\/wp\/v2\/pages\/708","targetHints":{"allow":["GET"]}}],"collection":[{"href":"https:\/\/barnkitchen.is\/is\/wp-json\/wp\/v2\/pages"}],"about":[{"href":"https:\/\/barnkitchen.is\/is\/wp-json\/wp\/v2\/types\/page"}],"author":[{"embeddable":true,"href":"https:\/\/barnkitchen.is\/is\/wp-json\/wp\/v2\/users\/1"}],"replies":[{"embeddable":true,"href":"https:\/\/barnkitchen.is\/is\/wp-json\/wp\/v2\/comments?post=708"}],"version-history":[{"count":4,"href":"https:\/\/barnkitchen.is\/is\/wp-json\/wp\/v2\/pages\/708\/revisions"}],"predecessor-version":[{"id":748,"href":"https:\/\/barnkitchen.is\/is\/wp-json\/wp\/v2\/pages\/708\/revisions\/748"}],"wp:attachment":[{"href":"https:\/\/barnkitchen.is\/is\/wp-json\/wp\/v2\/media?parent=708"}],"curies":[{"name":"wp","href":"https:\/\/api.w.org\/{rel}","templated":true}]}}