{"id":710,"date":"2025-01-22T10:38:04","date_gmt":"2025-01-22T10:38:04","guid":{"rendered":"https:\/\/barnkitchen.is\/hopmaltid\/"},"modified":"2025-01-24T03:08:56","modified_gmt":"2025-01-24T03:08:56","slug":"hopmaltid","status":"publish","type":"page","link":"https:\/\/barnkitchen.is\/is\/hopmaltid\/","title":{"rendered":"H\u00f3pm\u00e1lt\u00ed\u00f0"},"content":{"rendered":"\t\t<div data-elementor-type=\"wp-page\" data-elementor-id=\"710\" class=\"elementor elementor-710 elementor-402\" data-elementor-post-type=\"page\">\n\t\t\t\t<div class=\"elementor-element elementor-element-7821ce9c e-flex e-con-boxed e-con e-parent\" data-id=\"7821ce9c\" data-element_type=\"container\" data-e-type=\"container\">\n\t\t\t\t\t<div class=\"e-con-inner\">\n\t\t<div class=\"elementor-element elementor-element-2d0496a3 e-flex e-con-boxed e-con e-child\" data-id=\"2d0496a3\" data-element_type=\"container\" data-e-type=\"container\">\n\t\t\t\t\t<div class=\"e-con-inner\">\n\t\t<div class=\"elementor-element elementor-element-ad0328d e-con-full e-flex e-con e-child\" data-id=\"ad0328d\" data-element_type=\"container\" data-e-type=\"container\">\n\t\t<div class=\"elementor-element elementor-element-4d60f168 e-con-full e-flex e-con e-child\" data-id=\"4d60f168\" data-element_type=\"container\" data-e-type=\"container\" data-settings=\"{&quot;background_background&quot;:&quot;classic&quot;}\">\n\t\t<div class=\"elementor-element elementor-element-8090a12 e-con-full e-flex e-con e-child\" data-id=\"8090a12\" data-element_type=\"container\" data-e-type=\"container\" data-settings=\"{&quot;background_background&quot;:&quot;classic&quot;}\">\n\t\t\t\t<div class=\"elementor-element elementor-element-265699da elementor-widget elementor-widget-heading\" data-id=\"265699da\" data-element_type=\"widget\" data-e-type=\"widget\" data-widget_type=\"heading.default\">\n\t\t\t\t\t<h1 class=\"elementor-heading-title elementor-size-default\">H\u00f3pm\u00e1lt\u00ed\u00f0 \u00ed Hl\u00f6\u00f0ueldh\u00fasinu<\/h1>\t\t\t\t<\/div>\n\t\t\t\t<div class=\"elementor-element elementor-element-19fdfda2 elementor-view-stacked elementor-position-inline-start elementor-mobile-position-inline-start elementor-shape-square elementor-widget elementor-widget-icon-box\" data-id=\"19fdfda2\" data-element_type=\"widget\" data-e-type=\"widget\" data-widget_type=\"icon-box.default\">\n\t\t\t\t\t\t\t<div class=\"elementor-icon-box-wrapper\">\n\n\t\t\t\t\t\t<div class=\"elementor-icon-box-icon\">\n\t\t\t\t<a href=\"#elementor-action%3Aaction%3Dpopup%3Aopen%26settings%3DeyJpZCI6NzUzLCJ0b2dnbGUiOmZhbHNlfQ%3D%3D\" class=\"elementor-icon\" tabindex=\"-1\" aria-label=\"B\u00f3ka\u00f0u n\u00fana\">\n\t\t\t\t<svg aria-hidden=\"true\" class=\"e-font-icon-svg e-far-calendar-alt\" viewBox=\"0 0 448 512\" xmlns=\"http:\/\/www.w3.org\/2000\/svg\"><path d=\"M148 288h-40c-6.6 0-12-5.4-12-12v-40c0-6.6 5.4-12 12-12h40c6.6 0 12 5.4 12 12v40c0 6.6-5.4 12-12 12zm108-12v-40c0-6.6-5.4-12-12-12h-40c-6.6 0-12 5.4-12 12v40c0 6.6 5.4 12 12 12h40c6.6 0 12-5.4 12-12zm96 0v-40c0-6.6-5.4-12-12-12h-40c-6.6 0-12 5.4-12 12v40c0 6.6 5.4 12 12 12h40c6.6 0 12-5.4 12-12zm-96 96v-40c0-6.6-5.4-12-12-12h-40c-6.6 0-12 5.4-12 12v40c0 6.6 5.4 12 12 12h40c6.6 0 12-5.4 12-12zm-96 0v-40c0-6.6-5.4-12-12-12h-40c-6.6 0-12 5.4-12 12v40c0 6.6 5.4 12 12 12h40c6.6 0 12-5.4 12-12zm192 0v-40c0-6.6-5.4-12-12-12h-40c-6.6 0-12 5.4-12 12v40c0 6.6 5.4 12 12 12h40c6.6 0 12-5.4 12-12zm96-260v352c0 26.5-21.5 48-48 48H48c-26.5 0-48-21.5-48-48V112c0-26.5 21.5-48 48-48h48V12c0-6.6 5.4-12 12-12h40c6.6 0 12 5.4 12 12v52h128V12c0-6.6 5.4-12 12-12h40c6.6 0 12 5.4 12 12v52h48c26.5 0 48 21.5 48 48zm-48 346V160H48v298c0 3.3 2.7 6 6 6h340c3.3 0 6-2.7 6-6z\"><\/path><\/svg>\t\t\t\t<\/a>\n\t\t\t<\/div>\n\t\t\t\n\t\t\t\t\t\t<div class=\"elementor-icon-box-content\">\n\n\t\t\t\t\t\t\t\t\t<div class=\"elementor-icon-box-title\">\n\t\t\t\t\t\t<a href=\"#elementor-action%3Aaction%3Dpopup%3Aopen%26settings%3DeyJpZCI6NzUzLCJ0b2dnbGUiOmZhbHNlfQ%3D%3D\" >\n\t\t\t\t\t\t\tB\u00f3ka\u00f0u n\u00fana\t\t\t\t\t\t<\/a>\n\t\t\t\t\t<\/div>\n\t\t\t\t\n\t\t\t\t\n\t\t\t<\/div>\n\t\t\t\n\t\t<\/div>\n\t\t\t\t\t\t<\/div>\n\t\t\t\t<\/div>\n\t\t\t\t<\/div>\n\t\t<div class=\"elementor-element elementor-element-5636b10e e-con-full e-flex e-con e-child\" data-id=\"5636b10e\" data-element_type=\"container\" data-e-type=\"container\">\n\t\t\t\t<div class=\"elementor-element elementor-element-556074fe elementor-widget elementor-widget-heading\" data-id=\"556074fe\" data-element_type=\"widget\" data-e-type=\"widget\" data-widget_type=\"heading.default\">\n\t\t\t\t\t<h1 class=\"elementor-heading-title elementor-size-default\">Veisla fyrir skynf\u00e6rin<\/h1>\t\t\t\t<\/div>\n\t\t\t\t<div class=\"elementor-element elementor-element-c7e76de elementor-widget elementor-widget-text-editor\" data-id=\"c7e76de\" data-element_type=\"widget\" data-e-type=\"widget\" data-widget_type=\"text-editor.default\">\n\t\t\t\t\t\t\t\t\t<p>Safna\u00f0u saman vinum, fj\u00f6lskyldu e\u00f0a samstarfsf\u00f3lki fyrir \u00f3gleymanlega m\u00e1lt\u00ed\u00f0 \u00ed<br \/>Hl\u00f6\u00f0ueldh\u00fasinu \u00ed \u00deykkvab\u00e6. H\u00f3pm\u00e1lt\u00ed\u00f0ir okkar eru hanna\u00f0ar til a\u00f0 gle\u00f0ja<br \/>brag\u00f0laukana og skapa varanlegar minningar \u00ed l\u00edflegu og hl\u00fdlegu umhverfi. <\/p>\n\t\t\t\t\t\t\t\t<\/div>\n\t\t\t\t<div class=\"elementor-element elementor-element-22831b9b elementor-widget__width-inherit elementor-widget-divider--view-line elementor-widget elementor-widget-divider\" data-id=\"22831b9b\" data-element_type=\"widget\" data-e-type=\"widget\" data-widget_type=\"divider.default\">\n\t\t\t\t\t\t\t<div class=\"elementor-divider\">\n\t\t\t<span class=\"elementor-divider-separator\">\n\t\t\t\t\t\t<\/span>\n\t\t<\/div>\n\t\t\t\t\t\t<\/div>\n\t\t\t\t<div class=\"elementor-element elementor-element-7f2ecb5 elementor-widget elementor-widget-heading\" data-id=\"7f2ecb5\" data-element_type=\"widget\" data-e-type=\"widget\" data-widget_type=\"heading.default\">\n\t\t\t\t\t<h1 class=\"elementor-heading-title elementor-size-default\">M\u00e1lt\u00ed\u00f0arm\u00f6guleikar<\/h1>\t\t\t\t<\/div>\n\t\t\t\t<div class=\"elementor-element elementor-element-548545d6 elementor-widget elementor-widget-text-editor\" data-id=\"548545d6\" data-element_type=\"widget\" data-e-type=\"widget\" data-widget_type=\"text-editor.default\">\n\t\t\t\t\t\t\t\t\t<p><strong>2ja r\u00e9tta matse\u00f0ill:<\/strong> Nj\u00f3ttu lj\u00faffengrar m\u00e1lt\u00ed\u00f0ar fyrir 9.990 ISK \u00e1 mann.<\/p>\n<p><strong>3ja r\u00e9tta matse\u00f0ill:<\/strong> Leyf\u00f0u \u00fe\u00e9r a\u00f0 nj\u00f3ta fullkominnar matarupplifunar fyrir 13.990 ISK \u00e1 mann.<\/p>\n<p><strong>H\u00f3past\u00e6r\u00f0:<\/strong> Vi\u00f0 getum teki\u00f0 \u00e1 m\u00f3ti h\u00f3pum allt a\u00f0 50 gestum, sem tryggir pers\u00f3nulega og n\u00e1na upplifun fyrir samkomuna \u00fe\u00edna.<\/p>\n\t\t\t\t\t\t\t\t<\/div>\n\t\t\t\t<div class=\"elementor-element elementor-element-627fc2f2 elementor-widget__width-inherit elementor-widget-divider--view-line elementor-widget elementor-widget-divider\" data-id=\"627fc2f2\" data-element_type=\"widget\" data-e-type=\"widget\" data-widget_type=\"divider.default\">\n\t\t\t\t\t\t\t<div class=\"elementor-divider\">\n\t\t\t<span class=\"elementor-divider-separator\">\n\t\t\t\t\t\t<\/span>\n\t\t<\/div>\n\t\t\t\t\t\t<\/div>\n\t\t\t\t<div class=\"elementor-element elementor-element-4151c227 elementor-widget elementor-widget-heading\" data-id=\"4151c227\" data-element_type=\"widget\" data-e-type=\"widget\" data-widget_type=\"heading.default\">\n\t\t\t\t\t<h1 class=\"elementor-heading-title elementor-size-default\">Vi\u00f0 hverju \u00e1 a\u00f0 b\u00faast?<\/h1>\t\t\t\t<\/div>\n\t\t\t\t<div class=\"elementor-element elementor-element-660601c5 elementor-widget elementor-widget-text-editor\" data-id=\"660601c5\" data-element_type=\"widget\" data-e-type=\"widget\" data-widget_type=\"text-editor.default\">\n\t\t\t\t\t\t\t\t\t<p><strong>Lj\u00faffengur matur:<\/strong> Nj\u00f3ttu r\u00e9tta sem eru b\u00fanir til af al\u00fa\u00f0, me\u00f0 fersku, sta\u00f0bundnu hr\u00e1efni.<\/p>\n<p><strong>L\u00edflegt andr\u00famsloft:<\/strong> Flygillinn okkar setur svi\u00f0i\u00f0 fyrir sj\u00e1lfsprottinn s\u00f6ng og t\u00f3nlist, sem b\u00e6tir vi\u00f0 gle\u00f0ilegu \u00edvafi \u00ed matarupplifunina \u00fe\u00edna.<\/p>\n<p><strong>Fullb\u00fain bar:<\/strong> Nj\u00f3ttu \u00farvals drykkja fr\u00e1 fullb\u00fanum barnum okkar, fullkomi\u00f0 til a\u00f0 sk\u00e1la fyrir s\u00e9rst\u00f6kum tilefnum.<\/p>\n<p><strong>Skemmtun og afsl\u00f6ppun:<\/strong> H\u00f3pm\u00e1lt\u00ed\u00f0ir okkar sn\u00faast ekki bara um matinn; \u00fe\u00e6r sn\u00faast um a\u00f0 skapa skemmtilegt og afslappa\u00f0 umhverfi \u00fear sem \u00fe\u00fa getur slaka\u00f0 \u00e1 og noti\u00f0 samveru me\u00f0 gestum \u00fe\u00ednum.<\/p>\n\t\t\t\t\t\t\t\t<\/div>\n\t\t\t\t<div class=\"elementor-element elementor-element-7469468 elementor-widget__width-inherit elementor-widget-divider--view-line elementor-widget elementor-widget-divider\" data-id=\"7469468\" data-element_type=\"widget\" data-e-type=\"widget\" data-widget_type=\"divider.default\">\n\t\t\t\t\t\t\t<div class=\"elementor-divider\">\n\t\t\t<span class=\"elementor-divider-separator\">\n\t\t\t\t\t\t<\/span>\n\t\t<\/div>\n\t\t\t\t\t\t<\/div>\n\t\t\t\t<div class=\"elementor-element elementor-element-d4b8d4d elementor-widget elementor-widget-heading\" data-id=\"d4b8d4d\" data-element_type=\"widget\" data-e-type=\"widget\" data-widget_type=\"heading.default\">\n\t\t\t\t\t<h1 class=\"elementor-heading-title elementor-size-default\">B\u00f3ka\u00f0u m\u00e1lt\u00ed\u00f0ina<\/h1>\t\t\t\t<\/div>\n\t\t\t\t<div class=\"elementor-element elementor-element-36aee05 elementor-widget elementor-widget-text-editor\" data-id=\"36aee05\" data-element_type=\"widget\" data-e-type=\"widget\" data-widget_type=\"text-editor.default\">\n\t\t\t\t\t\t\t\t\t<p>Ertu tilb\u00fain\/n a\u00f0 halda eftirminnilega m\u00e1lt\u00ed\u00f0 \u00ed Hl\u00f6\u00f0ueldh\u00fasinu? Haf\u00f0u samband vi\u00f0<br \/>okkur til a\u00f0 b\u00f3ka h\u00f3pm\u00e1lt\u00ed\u00f0ina \u00fe\u00edna og vi\u00f0 sj\u00e1um um restina. <\/p>\n\t\t\t\t\t\t\t\t<\/div>\n\t\t\t\t<div class=\"elementor-element elementor-element-5dbf8db3 elementor-view-stacked elementor-position-inline-start elementor-mobile-position-inline-start elementor-shape-square elementor-widget elementor-widget-icon-box\" data-id=\"5dbf8db3\" data-element_type=\"widget\" data-e-type=\"widget\" data-widget_type=\"icon-box.default\">\n\t\t\t\t\t\t\t<div class=\"elementor-icon-box-wrapper\">\n\n\t\t\t\t\t\t<div class=\"elementor-icon-box-icon\">\n\t\t\t\t<a href=\"#elementor-action%3Aaction%3Dpopup%3Aopen%26settings%3DeyJpZCI6NzUzLCJ0b2dnbGUiOmZhbHNlfQ%3D%3D\" class=\"elementor-icon\" tabindex=\"-1\" aria-label=\"B\u00f3ka\u00f0u n\u00fana\">\n\t\t\t\t<svg aria-hidden=\"true\" class=\"e-font-icon-svg e-far-calendar-alt\" viewBox=\"0 0 448 512\" xmlns=\"http:\/\/www.w3.org\/2000\/svg\"><path d=\"M148 288h-40c-6.6 0-12-5.4-12-12v-40c0-6.6 5.4-12 12-12h40c6.6 0 12 5.4 12 12v40c0 6.6-5.4 12-12 12zm108-12v-40c0-6.6-5.4-12-12-12h-40c-6.6 0-12 5.4-12 12v40c0 6.6 5.4 12 12 12h40c6.6 0 12-5.4 12-12zm96 0v-40c0-6.6-5.4-12-12-12h-40c-6.6 0-12 5.4-12 12v40c0 6.6 5.4 12 12 12h40c6.6 0 12-5.4 12-12zm-96 96v-40c0-6.6-5.4-12-12-12h-40c-6.6 0-12 5.4-12 12v40c0 6.6 5.4 12 12 12h40c6.6 0 12-5.4 12-12zm-96 0v-40c0-6.6-5.4-12-12-12h-40c-6.6 0-12 5.4-12 12v40c0 6.6 5.4 12 12 12h40c6.6 0 12-5.4 12-12zm192 0v-40c0-6.6-5.4-12-12-12h-40c-6.6 0-12 5.4-12 12v40c0 6.6 5.4 12 12 12h40c6.6 0 12-5.4 12-12zm96-260v352c0 26.5-21.5 48-48 48H48c-26.5 0-48-21.5-48-48V112c0-26.5 21.5-48 48-48h48V12c0-6.6 5.4-12 12-12h40c6.6 0 12 5.4 12 12v52h128V12c0-6.6 5.4-12 12-12h40c6.6 0 12 5.4 12 12v52h48c26.5 0 48 21.5 48 48zm-48 346V160H48v298c0 3.3 2.7 6 6 6h340c3.3 0 6-2.7 6-6z\"><\/path><\/svg>\t\t\t\t<\/a>\n\t\t\t<\/div>\n\t\t\t\n\t\t\t\t\t\t<div class=\"elementor-icon-box-content\">\n\n\t\t\t\t\t\t\t\t\t<div class=\"elementor-icon-box-title\">\n\t\t\t\t\t\t<a href=\"#elementor-action%3Aaction%3Dpopup%3Aopen%26settings%3DeyJpZCI6NzUzLCJ0b2dnbGUiOmZhbHNlfQ%3D%3D\" >\n\t\t\t\t\t\t\tB\u00f3ka\u00f0u n\u00fana\t\t\t\t\t\t<\/a>\n\t\t\t\t\t<\/div>\n\t\t\t\t\n\t\t\t\t\n\t\t\t<\/div>\n\t\t\t\n\t\t<\/div>\n\t\t\t\t\t\t<\/div>\n\t\t\t\t<\/div>\n\t\t\t\t<\/div>\n\t\t\t\t\t<\/div>\n\t\t\t\t<\/div>\n\t\t\t\t\t<\/div>\n\t\t\t\t<\/div>\n\t\t\t\t<\/div>\n\t\t","protected":false},"excerpt":{"rendered":"<p>H\u00f3pm\u00e1lt\u00ed\u00f0 \u00ed Hl\u00f6\u00f0ueldh\u00fasinu B\u00f3ka\u00f0u n\u00fana Veisla fyrir skynf\u00e6rin Safna\u00f0u saman vinum, fj\u00f6lskyldu e\u00f0a samstarfsf\u00f3lki fyrir \u00f3gleymanlega m\u00e1lt\u00ed\u00f0 \u00edHl\u00f6\u00f0ueldh\u00fasinu \u00ed \u00deykkvab\u00e6. H\u00f3pm\u00e1lt\u00ed\u00f0ir okkar eru hanna\u00f0ar til a\u00f0 gle\u00f0jabrag\u00f0laukana og skapa varanlegar minningar \u00ed l\u00edflegu og hl\u00fdlegu umhverfi. M\u00e1lt\u00ed\u00f0arm\u00f6guleikar 2ja r\u00e9tta matse\u00f0ill: Nj\u00f3ttu lj\u00faffengrar m\u00e1lt\u00ed\u00f0ar fyrir 9.990 ISK \u00e1 mann. 3ja r\u00e9tta matse\u00f0ill: Leyf\u00f0u \u00fe\u00e9r a\u00f0 nj\u00f3ta [&hellip;]<\/p>\n","protected":false},"author":1,"featured_media":0,"parent":0,"menu_order":0,"comment_status":"closed","ping_status":"closed","template":"","meta":{"footnotes":""},"class_list":["post-710","page","type-page","status-publish","hentry"],"_links":{"self":[{"href":"https:\/\/barnkitchen.is\/is\/wp-json\/wp\/v2\/pages\/710","targetHints":{"allow":["GET"]}}],"collection":[{"href":"https:\/\/barnkitchen.is\/is\/wp-json\/wp\/v2\/pages"}],"about":[{"href":"https:\/\/barnkitchen.is\/is\/wp-json\/wp\/v2\/types\/page"}],"author":[{"embeddable":true,"href":"https:\/\/barnkitchen.is\/is\/wp-json\/wp\/v2\/users\/1"}],"replies":[{"embeddable":true,"href":"https:\/\/barnkitchen.is\/is\/wp-json\/wp\/v2\/comments?post=710"}],"version-history":[{"count":4,"href":"https:\/\/barnkitchen.is\/is\/wp-json\/wp\/v2\/pages\/710\/revisions"}],"predecessor-version":[{"id":749,"href":"https:\/\/barnkitchen.is\/is\/wp-json\/wp\/v2\/pages\/710\/revisions\/749"}],"wp:attachment":[{"href":"https:\/\/barnkitchen.is\/is\/wp-json\/wp\/v2\/media?parent=710"}],"curies":[{"name":"wp","href":"https:\/\/api.w.org\/{rel}","templated":true}]}}