{"id":732,"date":"2025-01-22T10:41:09","date_gmt":"2025-01-22T10:41:09","guid":{"rendered":"https:\/\/barnkitchen.is\/einkavidburdir\/"},"modified":"2025-01-27T12:23:12","modified_gmt":"2025-01-27T12:23:12","slug":"einkavidburdir","status":"publish","type":"page","link":"https:\/\/barnkitchen.is\/is\/einkavidburdir\/","title":{"rendered":"Einkavi\u00f0bur\u00f0ir"},"content":{"rendered":"\t\t<div data-elementor-type=\"wp-page\" data-elementor-id=\"732\" class=\"elementor elementor-732 elementor-410\" data-elementor-post-type=\"page\">\n\t\t\t\t<div class=\"elementor-element elementor-element-10a865d6 e-flex e-con-boxed e-con e-parent\" data-id=\"10a865d6\" data-element_type=\"container\" data-e-type=\"container\">\n\t\t\t\t\t<div class=\"e-con-inner\">\n\t\t<div class=\"elementor-element elementor-element-4d9fab70 e-flex e-con-boxed e-con e-child\" data-id=\"4d9fab70\" data-element_type=\"container\" data-e-type=\"container\">\n\t\t\t\t\t<div class=\"e-con-inner\">\n\t\t<div class=\"elementor-element elementor-element-4ac54755 e-con-full e-flex e-con e-child\" data-id=\"4ac54755\" data-element_type=\"container\" data-e-type=\"container\">\n\t\t<div class=\"elementor-element elementor-element-65c2caf0 e-con-full e-flex e-con e-child\" data-id=\"65c2caf0\" data-element_type=\"container\" data-e-type=\"container\" data-settings=\"{&quot;background_background&quot;:&quot;classic&quot;}\">\n\t\t<div class=\"elementor-element elementor-element-711335cf e-con-full e-flex e-con e-child\" data-id=\"711335cf\" data-element_type=\"container\" data-e-type=\"container\" data-settings=\"{&quot;background_background&quot;:&quot;classic&quot;}\">\n\t\t\t\t<div class=\"elementor-element elementor-element-479a3cb6 elementor-widget elementor-widget-heading\" data-id=\"479a3cb6\" data-element_type=\"widget\" data-e-type=\"widget\" data-widget_type=\"heading.default\">\n\t\t\t\t\t<h1 class=\"elementor-heading-title elementor-size-default\">Einkavi\u00f0bur\u00f0ir \u00ed Hl\u00f6\u00f0ueldh\u00fasinu<\/h1>\t\t\t\t<\/div>\n\t\t\t\t<div class=\"elementor-element elementor-element-7beee64e elementor-view-stacked elementor-position-inline-start elementor-mobile-position-inline-start elementor-shape-square elementor-widget elementor-widget-icon-box\" data-id=\"7beee64e\" data-element_type=\"widget\" data-e-type=\"widget\" data-widget_type=\"icon-box.default\">\n\t\t\t\t\t\t\t<div class=\"elementor-icon-box-wrapper\">\n\n\t\t\t\t\t\t<div class=\"elementor-icon-box-icon\">\n\t\t\t\t<a href=\"#elementor-action%3Aaction%3Dpopup%3Aopen%26settings%3DeyJpZCI6NzUzLCJ0b2dnbGUiOmZhbHNlfQ%3D%3D\" class=\"elementor-icon\" tabindex=\"-1\" aria-label=\"B\u00f3ka\u00f0u n\u00fana\">\n\t\t\t\t<svg aria-hidden=\"true\" class=\"e-font-icon-svg e-far-calendar-alt\" viewBox=\"0 0 448 512\" xmlns=\"http:\/\/www.w3.org\/2000\/svg\"><path d=\"M148 288h-40c-6.6 0-12-5.4-12-12v-40c0-6.6 5.4-12 12-12h40c6.6 0 12 5.4 12 12v40c0 6.6-5.4 12-12 12zm108-12v-40c0-6.6-5.4-12-12-12h-40c-6.6 0-12 5.4-12 12v40c0 6.6 5.4 12 12 12h40c6.6 0 12-5.4 12-12zm96 0v-40c0-6.6-5.4-12-12-12h-40c-6.6 0-12 5.4-12 12v40c0 6.6 5.4 12 12 12h40c6.6 0 12-5.4 12-12zm-96 96v-40c0-6.6-5.4-12-12-12h-40c-6.6 0-12 5.4-12 12v40c0 6.6 5.4 12 12 12h40c6.6 0 12-5.4 12-12zm-96 0v-40c0-6.6-5.4-12-12-12h-40c-6.6 0-12 5.4-12 12v40c0 6.6 5.4 12 12 12h40c6.6 0 12-5.4 12-12zm192 0v-40c0-6.6-5.4-12-12-12h-40c-6.6 0-12 5.4-12 12v40c0 6.6 5.4 12 12 12h40c6.6 0 12-5.4 12-12zm96-260v352c0 26.5-21.5 48-48 48H48c-26.5 0-48-21.5-48-48V112c0-26.5 21.5-48 48-48h48V12c0-6.6 5.4-12 12-12h40c6.6 0 12 5.4 12 12v52h128V12c0-6.6 5.4-12 12-12h40c6.6 0 12 5.4 12 12v52h48c26.5 0 48 21.5 48 48zm-48 346V160H48v298c0 3.3 2.7 6 6 6h340c3.3 0 6-2.7 6-6z\"><\/path><\/svg>\t\t\t\t<\/a>\n\t\t\t<\/div>\n\t\t\t\n\t\t\t\t\t\t<div class=\"elementor-icon-box-content\">\n\n\t\t\t\t\t\t\t\t\t<div class=\"elementor-icon-box-title\">\n\t\t\t\t\t\t<a href=\"#elementor-action%3Aaction%3Dpopup%3Aopen%26settings%3DeyJpZCI6NzUzLCJ0b2dnbGUiOmZhbHNlfQ%3D%3D\" >\n\t\t\t\t\t\t\tB\u00f3ka\u00f0u n\u00fana\t\t\t\t\t\t<\/a>\n\t\t\t\t\t<\/div>\n\t\t\t\t\n\t\t\t\t\n\t\t\t<\/div>\n\t\t\t\n\t\t<\/div>\n\t\t\t\t\t\t<\/div>\n\t\t\t\t<\/div>\n\t\t\t\t<\/div>\n\t\t<div class=\"elementor-element elementor-element-3213800c e-con-full e-flex e-con e-child\" data-id=\"3213800c\" data-element_type=\"container\" data-e-type=\"container\">\n\t\t\t\t<div class=\"elementor-element elementor-element-19c4ca5d elementor-widget elementor-widget-heading\" data-id=\"19c4ca5d\" data-element_type=\"widget\" data-e-type=\"widget\" data-widget_type=\"heading.default\">\n\t\t\t\t\t<h1 class=\"elementor-heading-title elementor-size-default\">Fullkominn sta\u00f0ur fyrir eftirminnilega vi\u00f0bur\u00f0i<\/h1>\t\t\t\t<\/div>\n\t\t\t\t<div class=\"elementor-element elementor-element-18e8863e elementor-widget elementor-widget-text-editor\" data-id=\"18e8863e\" data-element_type=\"widget\" data-e-type=\"widget\" data-widget_type=\"text-editor.default\">\n\t\t\t\t\t\t\t\t\t<p>Ertu a\u00f0 leita a\u00f0 einst\u00f6kum og heillandi sta\u00f0 fyrir n\u00e6sta vi\u00f0bur\u00f0? Hl\u00f6\u00f0ueldh\u00fasi\u00f0 b\u00fd\u00f0ur upp \u00e1 fj\u00f6lh\u00e6ft r\u00fdmi sem h\u00e6gt er a\u00f0 a\u00f0laga a\u00f0 hva\u00f0a tilefni sem er, fr\u00e1 n\u00e1num samkomum til st\u00e6rri h\u00e1t\u00ed\u00f0a.<\/p>\n\t\t\t\t\t\t\t\t<\/div>\n\t\t\t\t<div class=\"elementor-element elementor-element-6a42ab75 elementor-widget__width-inherit elementor-widget-divider--view-line elementor-widget elementor-widget-divider\" data-id=\"6a42ab75\" data-element_type=\"widget\" data-e-type=\"widget\" data-widget_type=\"divider.default\">\n\t\t\t\t\t\t\t<div class=\"elementor-divider\">\n\t\t\t<span class=\"elementor-divider-separator\">\n\t\t\t\t\t\t<\/span>\n\t\t<\/div>\n\t\t\t\t\t\t<\/div>\n\t\t\t\t<div class=\"elementor-element elementor-element-257026e2 elementor-widget elementor-widget-heading\" data-id=\"257026e2\" data-element_type=\"widget\" data-e-type=\"widget\" data-widget_type=\"heading.default\">\n\t\t\t\t\t<h1 class=\"elementor-heading-title elementor-size-default\">Eiginleikar sta\u00f0arins<\/h1>\t\t\t\t<\/div>\n\t\t\t\t<div class=\"elementor-element elementor-element-daf25ba elementor-widget elementor-widget-text-editor\" data-id=\"daf25ba\" data-element_type=\"widget\" data-e-type=\"widget\" data-widget_type=\"text-editor.default\">\n\t\t\t\t\t\t\t\t\t<p><strong>Sveigjanlegt r\u00fdmi:<\/strong> H\u00e6gt er a\u00f0 leigja sta\u00f0inn me\u00f0 e\u00f0a \u00e1n a\u00f0gangs a\u00f0 eldh\u00fasi, sem gerir \u00fe\u00e9r kleift a\u00f0 a\u00f0laga vi\u00f0bur\u00f0inn a\u00f0 \u00fe\u00ednum \u00fe\u00f6rfum.<\/p>\n<p><strong>Fullb\u00fai\u00f0:<\/strong> Vi\u00f0 \u00fatvegum allt nau\u00f0synlegt glerv\u00f6rur og hn\u00edfap\u00f6r, sem tryggir hn\u00f6kralausa upplifun fyrir \u00feig og gesti \u00fe\u00edna.<\/p>\n<p><strong>Heillandi andr\u00famsloft:<\/strong> Me\u00f0 s\u00ednum sveitalega sjarma og hl\u00fdlegu andr\u00famslofti er Hl\u00f6\u00f0ueldh\u00fasi\u00f0 fullkominn bakgrunnur fyrir hva\u00f0a vi\u00f0bur\u00f0 sem er.<\/p>\n\t\t\t\t\t\t\t\t<\/div>\n\t\t\t\t<div class=\"elementor-element elementor-element-379298a1 elementor-widget__width-inherit elementor-widget-divider--view-line elementor-widget elementor-widget-divider\" data-id=\"379298a1\" data-element_type=\"widget\" data-e-type=\"widget\" data-widget_type=\"divider.default\">\n\t\t\t\t\t\t\t<div class=\"elementor-divider\">\n\t\t\t<span class=\"elementor-divider-separator\">\n\t\t\t\t\t\t<\/span>\n\t\t<\/div>\n\t\t\t\t\t\t<\/div>\n\t\t\t\t<div class=\"elementor-element elementor-element-1245d09f elementor-widget elementor-widget-heading\" data-id=\"1245d09f\" data-element_type=\"widget\" data-e-type=\"widget\" data-widget_type=\"heading.default\">\n\t\t\t\t\t<h1 class=\"elementor-heading-title elementor-size-default\">Vi\u00f0 hverju \u00e1 a\u00f0 b\u00faast?<\/h1>\t\t\t\t<\/div>\n\t\t\t\t<div class=\"elementor-element elementor-element-e654d88 elementor-widget elementor-widget-text-editor\" data-id=\"e654d88\" data-element_type=\"widget\" data-e-type=\"widget\" data-widget_type=\"text-editor.default\">\n\t\t\t\t\t\t\t\t\t<p><strong>S\u00e9rsni\u00f0in \u00fej\u00f3nusta:<\/strong> Li\u00f0i\u00f0 okkar er sta\u00f0r\u00e1\u00f0i\u00f0 \u00ed a\u00f0 hj\u00e1lpa \u00fe\u00e9r a\u00f0 skipuleggja og framkv\u00e6ma \u00e1rangursr\u00edkan vi\u00f0bur\u00f0, sni\u00f0inn a\u00f0 \u00fe\u00ednum s\u00e9rst\u00f6kum kr\u00f6fum.<\/p>\n<p><strong>T\u00f3nlistarlegur bl\u00e6r:<\/strong> Flygillinn okkar er til afnota, sem b\u00e6tir t\u00f3nlistarlegu \u00edvafi \u00ed samkomuna \u00fe\u00edna og hvetur til sj\u00e1lfsprottins s\u00f6ngs og skemmtunar.<\/p>\n<p><strong>Fullkomi\u00f0 fyrir hva\u00f0a tilefni sem er:<\/strong> Hvort sem um er a\u00f0 r\u00e6\u00f0a fyrirt\u00e6kjavi\u00f0bur\u00f0, fj\u00f6lskylduh\u00e1t\u00ed\u00f0 e\u00f0a s\u00e9rstakt tilefni, \u00fe\u00e1 er sta\u00f0urinn okkar fullkominn vettvangur.<\/p>\n\t\t\t\t\t\t\t\t<\/div>\n\t\t\t\t<div class=\"elementor-element elementor-element-643c653 elementor-widget__width-inherit elementor-widget-divider--view-line elementor-widget elementor-widget-divider\" data-id=\"643c653\" data-element_type=\"widget\" data-e-type=\"widget\" data-widget_type=\"divider.default\">\n\t\t\t\t\t\t\t<div class=\"elementor-divider\">\n\t\t\t<span class=\"elementor-divider-separator\">\n\t\t\t\t\t\t<\/span>\n\t\t<\/div>\n\t\t\t\t\t\t<\/div>\n\t\t\t\t<div class=\"elementor-element elementor-element-72f2841 elementor-widget elementor-widget-heading\" data-id=\"72f2841\" data-element_type=\"widget\" data-e-type=\"widget\" data-widget_type=\"heading.default\">\n\t\t\t\t\t<h1 class=\"elementor-heading-title elementor-size-default\">B\u00f3ka\u00f0u vi\u00f0bur\u00f0inn \u00feinn<\/h1>\t\t\t\t<\/div>\n\t\t\t\t<div class=\"elementor-element elementor-element-a7b8843 elementor-widget elementor-widget-text-editor\" data-id=\"a7b8843\" data-element_type=\"widget\" data-e-type=\"widget\" data-widget_type=\"text-editor.default\">\n\t\t\t\t\t\t\t\t\t<p>Ertu tilb\u00fain\/n a\u00f0 halda vi\u00f0bur\u00f0inn \u00feinn \u00ed Hl\u00f6\u00f0ueldh\u00fasinu? Haf\u00f0u samband vi\u00f0 okkur til a\u00f0 r\u00e6\u00f0a \u00fearfir \u00fe\u00ednar og vi\u00f0 hj\u00e1lpum \u00fe\u00e9r a\u00f0 skapa \u00f3gleymanlega upplifun.<\/p>\n\t\t\t\t\t\t\t\t<\/div>\n\t\t\t\t<div class=\"elementor-element elementor-element-73ee58ba elementor-view-stacked elementor-position-inline-start elementor-mobile-position-inline-start elementor-shape-square elementor-widget elementor-widget-icon-box\" data-id=\"73ee58ba\" data-element_type=\"widget\" data-e-type=\"widget\" data-widget_type=\"icon-box.default\">\n\t\t\t\t\t\t\t<div class=\"elementor-icon-box-wrapper\">\n\n\t\t\t\t\t\t<div class=\"elementor-icon-box-icon\">\n\t\t\t\t<a href=\"#elementor-action%3Aaction%3Dpopup%3Aopen%26settings%3DeyJpZCI6NzUzLCJ0b2dnbGUiOmZhbHNlfQ%3D%3D\" class=\"elementor-icon\" tabindex=\"-1\" aria-label=\"B\u00f3ka\u00f0u n\u00fana\">\n\t\t\t\t<svg aria-hidden=\"true\" class=\"e-font-icon-svg e-far-calendar-alt\" viewBox=\"0 0 448 512\" xmlns=\"http:\/\/www.w3.org\/2000\/svg\"><path d=\"M148 288h-40c-6.6 0-12-5.4-12-12v-40c0-6.6 5.4-12 12-12h40c6.6 0 12 5.4 12 12v40c0 6.6-5.4 12-12 12zm108-12v-40c0-6.6-5.4-12-12-12h-40c-6.6 0-12 5.4-12 12v40c0 6.6 5.4 12 12 12h40c6.6 0 12-5.4 12-12zm96 0v-40c0-6.6-5.4-12-12-12h-40c-6.6 0-12 5.4-12 12v40c0 6.6 5.4 12 12 12h40c6.6 0 12-5.4 12-12zm-96 96v-40c0-6.6-5.4-12-12-12h-40c-6.6 0-12 5.4-12 12v40c0 6.6 5.4 12 12 12h40c6.6 0 12-5.4 12-12zm-96 0v-40c0-6.6-5.4-12-12-12h-40c-6.6 0-12 5.4-12 12v40c0 6.6 5.4 12 12 12h40c6.6 0 12-5.4 12-12zm192 0v-40c0-6.6-5.4-12-12-12h-40c-6.6 0-12 5.4-12 12v40c0 6.6 5.4 12 12 12h40c6.6 0 12-5.4 12-12zm96-260v352c0 26.5-21.5 48-48 48H48c-26.5 0-48-21.5-48-48V112c0-26.5 21.5-48 48-48h48V12c0-6.6 5.4-12 12-12h40c6.6 0 12 5.4 12 12v52h128V12c0-6.6 5.4-12 12-12h40c6.6 0 12 5.4 12 12v52h48c26.5 0 48 21.5 48 48zm-48 346V160H48v298c0 3.3 2.7 6 6 6h340c3.3 0 6-2.7 6-6z\"><\/path><\/svg>\t\t\t\t<\/a>\n\t\t\t<\/div>\n\t\t\t\n\t\t\t\t\t\t<div class=\"elementor-icon-box-content\">\n\n\t\t\t\t\t\t\t\t\t<div class=\"elementor-icon-box-title\">\n\t\t\t\t\t\t<a href=\"#elementor-action%3Aaction%3Dpopup%3Aopen%26settings%3DeyJpZCI6NzUzLCJ0b2dnbGUiOmZhbHNlfQ%3D%3D\" >\n\t\t\t\t\t\t\tB\u00f3ka\u00f0u n\u00fana\t\t\t\t\t\t<\/a>\n\t\t\t\t\t<\/div>\n\t\t\t\t\n\t\t\t\t\n\t\t\t<\/div>\n\t\t\t\n\t\t<\/div>\n\t\t\t\t\t\t<\/div>\n\t\t\t\t<\/div>\n\t\t\t\t<\/div>\n\t\t\t\t\t<\/div>\n\t\t\t\t<\/div>\n\t\t\t\t\t<\/div>\n\t\t\t\t<\/div>\n\t\t\t\t<\/div>\n\t\t","protected":false},"excerpt":{"rendered":"<p>Einkavi\u00f0bur\u00f0ir \u00ed Hl\u00f6\u00f0ueldh\u00fasinu B\u00f3ka\u00f0u n\u00fana Fullkominn sta\u00f0ur fyrir eftirminnilega vi\u00f0bur\u00f0i Ertu a\u00f0 leita a\u00f0 einst\u00f6kum og heillandi sta\u00f0 fyrir n\u00e6sta vi\u00f0bur\u00f0? Hl\u00f6\u00f0ueldh\u00fasi\u00f0 b\u00fd\u00f0ur upp \u00e1 fj\u00f6lh\u00e6ft r\u00fdmi sem h\u00e6gt er a\u00f0 a\u00f0laga a\u00f0 hva\u00f0a tilefni sem er, fr\u00e1 n\u00e1num samkomum til st\u00e6rri h\u00e1t\u00ed\u00f0a. Eiginleikar sta\u00f0arins Sveigjanlegt r\u00fdmi: H\u00e6gt er a\u00f0 leigja sta\u00f0inn me\u00f0 e\u00f0a \u00e1n [&hellip;]<\/p>\n","protected":false},"author":1,"featured_media":0,"parent":0,"menu_order":0,"comment_status":"closed","ping_status":"closed","template":"","meta":{"footnotes":""},"class_list":["post-732","page","type-page","status-publish","hentry"],"_links":{"self":[{"href":"https:\/\/barnkitchen.is\/is\/wp-json\/wp\/v2\/pages\/732","targetHints":{"allow":["GET"]}}],"collection":[{"href":"https:\/\/barnkitchen.is\/is\/wp-json\/wp\/v2\/pages"}],"about":[{"href":"https:\/\/barnkitchen.is\/is\/wp-json\/wp\/v2\/types\/page"}],"author":[{"embeddable":true,"href":"https:\/\/barnkitchen.is\/is\/wp-json\/wp\/v2\/users\/1"}],"replies":[{"embeddable":true,"href":"https:\/\/barnkitchen.is\/is\/wp-json\/wp\/v2\/comments?post=732"}],"version-history":[{"count":6,"href":"https:\/\/barnkitchen.is\/is\/wp-json\/wp\/v2\/pages\/732\/revisions"}],"predecessor-version":[{"id":765,"href":"https:\/\/barnkitchen.is\/is\/wp-json\/wp\/v2\/pages\/732\/revisions\/765"}],"wp:attachment":[{"href":"https:\/\/barnkitchen.is\/is\/wp-json\/wp\/v2\/media?parent=732"}],"curies":[{"name":"wp","href":"https:\/\/api.w.org\/{rel}","templated":true}]}}